{"id":17,"date":"2024-05-03T07:53:41","date_gmt":"2024-05-03T05:53:41","guid":{"rendered":"https:\/\/garagen-mieten.info\/?page_id=17"},"modified":"2024-07-19T08:04:27","modified_gmt":"2024-07-19T06:04:27","slug":"preise","status":"publish","type":"page","link":"https:\/\/garagen-mieten.info\/?page_id=17","title":{"rendered":"Info und Preise"},"content":{"rendered":"<h3>Preisliste Garagen\/Lagerfl\u00e4chen G\u00fcnzburg<br \/>\nVermietung ab 1.7.2024<\/h3>\n<p><strong>Garage ohne Strom<\/strong><br \/>\n75,&#8211; \u20ac \/ Monat<br \/>\n850,&#8211; \u20ac\/ Jahresmiete<\/p>\n<p><strong>Garage mit Strom<\/strong><br \/>\n220 V \u2013 aktuell noch keine E-Auto \u2013 Lades\u00e4ule !!!!<br \/>\nStrom ist f\u00fcr Licht und kann f\u00fcr bauseitigen Torantrieb verwendet werden.<br \/>\n80,&#8211; \u20ac\/Monat \u2013 Strom nach Verbrauchsmessung<br \/>\n900,&#8211; \u20ac Jahresmiete &#8211; Strom nach Verbrauchsmessung<\/p>\n<p><em>MwSt. ausweisbar.<\/em><\/p>\n\n\n<figure class=\"wp-block-image size-large\"><img loading=\"lazy\" decoding=\"async\" width=\"1024\" height=\"769\" src=\"https:\/\/garagen-mieten.info\/wp-content\/uploads\/2024\/07\/Anlage_Pos_Plan-1024x769.jpg\" alt=\"\" class=\"wp-image-37\" srcset=\"https:\/\/garagen-mieten.info\/wp-content\/uploads\/2024\/07\/Anlage_Pos_Plan-1024x769.jpg 1024w, https:\/\/garagen-mieten.info\/wp-content\/uploads\/2024\/07\/Anlage_Pos_Plan-300x225.jpg 300w, https:\/\/garagen-mieten.info\/wp-content\/uploads\/2024\/07\/Anlage_Pos_Plan-768x576.jpg 768w, https:\/\/garagen-mieten.info\/wp-content\/uploads\/2024\/07\/Anlage_Pos_Plan-1536x1153.jpg 1536w, https:\/\/garagen-mieten.info\/wp-content\/uploads\/2024\/07\/Anlage_Pos_Plan.jpg 1996w\" sizes=\"auto, (max-width: 1024px) 100vw, 1024px\" \/><\/figure>\n\n\n\n<hr class=\"wp-block-separator has-alpha-channel-opacity\"\/>\n\n\n\n<figure class=\"wp-block-image size-large\"><img loading=\"lazy\" decoding=\"async\" width=\"974\" height=\"1024\" src=\"https:\/\/garagen-mieten.info\/wp-content\/uploads\/2024\/05\/garagen-grundriss-974x1024.jpg\" alt=\"\" class=\"wp-image-34\" srcset=\"https:\/\/garagen-mieten.info\/wp-content\/uploads\/2024\/05\/garagen-grundriss-974x1024.jpg 974w, https:\/\/garagen-mieten.info\/wp-content\/uploads\/2024\/05\/garagen-grundriss-285x300.jpg 285w, https:\/\/garagen-mieten.info\/wp-content\/uploads\/2024\/05\/garagen-grundriss-768x808.jpg 768w, https:\/\/garagen-mieten.info\/wp-content\/uploads\/2024\/05\/garagen-grundriss-1460x1536.jpg 1460w, https:\/\/garagen-mieten.info\/wp-content\/uploads\/2024\/05\/garagen-grundriss-1947x2048.jpg 1947w\" sizes=\"auto, (max-width: 974px) 100vw, 974px\" \/><\/figure>\n","protected":false},"excerpt":{"rendered":"<p>Preisliste Garagen\/Lagerfl\u00e4chen G\u00fcnzburg Vermietung ab 1.7.2024 Garage ohne Strom 75,&#8211; \u20ac \/ Monat 850,&#8211; \u20ac\/ Jahresmiete Garage mit Strom 220 V \u2013 aktuell noch keine E-Auto \u2013 Lades\u00e4ule !!!! Strom ist f\u00fcr Licht und kann f\u00fcr bauseitigen Torantrieb verwendet werden. 80,&#8211; \u20ac\/Monat \u2013 Strom nach Verbrauchsmessung 900,&#8211; \u20ac Jahresmiete &#8211; Strom nach Verbrauchsmessung MwSt. ausweisbar.<\/p>\n","protected":false},"author":1,"featured_media":0,"parent":0,"menu_order":0,"comment_status":"closed","ping_status":"closed","template":"","meta":{"footnotes":""},"class_list":["post-17","page","type-page","status-publish"],"_links":{"self":[{"href":"https:\/\/garagen-mieten.info\/index.php?rest_route=\/wp\/v2\/pages\/17","targetHints":{"allow":["GET"]}}],"collection":[{"href":"https:\/\/garagen-mieten.info\/index.php?rest_route=\/wp\/v2\/pages"}],"about":[{"href":"https:\/\/garagen-mieten.info\/index.php?rest_route=\/wp\/v2\/types\/page"}],"author":[{"embeddable":true,"href":"https:\/\/garagen-mieten.info\/index.php?rest_route=\/wp\/v2\/users\/1"}],"replies":[{"embeddable":true,"href":"https:\/\/garagen-mieten.info\/index.php?rest_route=%2Fwp%2Fv2%2Fcomments&post=17"}],"version-history":[{"count":5,"href":"https:\/\/garagen-mieten.info\/index.php?rest_route=\/wp\/v2\/pages\/17\/revisions"}],"predecessor-version":[{"id":38,"href":"https:\/\/garagen-mieten.info\/index.php?rest_route=\/wp\/v2\/pages\/17\/revisions\/38"}],"wp:attachment":[{"href":"https:\/\/garagen-mieten.info\/index.php?rest_route=%2Fwp%2Fv2%2Fmedia&parent=17"}],"curies":[{"name":"wp","href":"https:\/\/api.w.org\/{rel}","templated":true}]}}